{"id":122,"date":"2022-07-04T14:21:22","date_gmt":"2022-07-04T14:21:22","guid":{"rendered":"https:\/\/stefanobutor.hu\/?page_id=122"},"modified":"2022-07-11T20:09:35","modified_gmt":"2022-07-11T20:09:35","slug":"butor-3","status":"publish","type":"page","link":"https:\/\/stefanobutor.hu\/?page_id=122","title":{"rendered":"Nyitott M\u0171hely"},"content":{"rendered":"\t\t<div data-elementor-type=\"wp-page\" data-elementor-id=\"122\" class=\"elementor elementor-122\">\n\t\t\t\t\t\t\t\t\t<section class=\"elementor-section elementor-top-section elementor-element elementor-element-1c3e9bb6 elementor-section-height-min-height elementor-section-boxed elementor-section-height-default elementor-section-items-middle\" data-id=\"1c3e9bb6\" data-element_type=\"section\">\n\t\t\t\t\t\t\t<div class=\"elementor-background-overlay\"><\/div>\n\t\t\t\t\t\t\t<div class=\"elementor-container elementor-column-gap-default\">\n\t\t\t\t\t<div class=\"elementor-column elementor-col-100 elementor-top-column elementor-element elementor-element-5b771a29\" data-id=\"5b771a29\" data-element_type=\"column\">\n\t\t\t<div class=\"elementor-widget-wrap elementor-element-populated\">\n\t\t\t\t\t\t\t\t<div class=\"elementor-element elementor-element-7f79d8c0 elementor-widget elementor-widget-heading\" data-id=\"7f79d8c0\" data-element_type=\"widget\" data-widget_type=\"heading.default\">\n\t\t\t\t<div class=\"elementor-widget-container\">\n\t\t\t<style>\/*! elementor - v3.6.7 - 03-07-2022 *\/\n.elementor-heading-title{padding:0;margin:0;line-height:1}.elementor-widget-heading .elementor-heading-title[class*=elementor-size-]>a{color:inherit;font-size:inherit;line-height:inherit}.elementor-widget-heading .elementor-heading-title.elementor-size-small{font-size:15px}.elementor-widget-heading .elementor-heading-title.elementor-size-medium{font-size:19px}.elementor-widget-heading .elementor-heading-title.elementor-size-large{font-size:29px}.elementor-widget-heading .elementor-heading-title.elementor-size-xl{font-size:39px}.elementor-widget-heading .elementor-heading-title.elementor-size-xxl{font-size:59px}<\/style><h1 class=\"elementor-heading-title elementor-size-default\">Nyitott M\u0171hely<\/h1>\t\t<\/div>\n\t\t\t\t<\/div>\n\t\t\t\t<section class=\"elementor-section elementor-inner-section elementor-element elementor-element-f85ea70 elementor-section-content-middle elementor-section-boxed elementor-section-height-default elementor-section-height-default\" data-id=\"f85ea70\" data-element_type=\"section\">\n\t\t\t\t\t\t<div class=\"elementor-container elementor-column-gap-default\">\n\t\t\t\t\t<div class=\"elementor-column elementor-col-50 elementor-inner-column elementor-element elementor-element-b2128ba\" data-id=\"b2128ba\" data-element_type=\"column\">\n\t\t\t<div class=\"elementor-widget-wrap elementor-element-populated\">\n\t\t\t\t\t\t\t\t<div class=\"elementor-element elementor-element-3280e10a elementor-widget elementor-widget-text-editor\" data-id=\"3280e10a\" data-element_type=\"widget\" data-widget_type=\"text-editor.default\">\n\t\t\t\t<div class=\"elementor-widget-container\">\n\t\t\t<style>\/*! elementor - v3.6.7 - 03-07-2022 *\/\n.elementor-widget-text-editor.elementor-drop-cap-view-stacked .elementor-drop-cap{background-color:#818a91;color:#fff}.elementor-widget-text-editor.elementor-drop-cap-view-framed .elementor-drop-cap{color:#818a91;border:3px solid;background-color:transparent}.elementor-widget-text-editor:not(.elementor-drop-cap-view-default) .elementor-drop-cap{margin-top:8px}.elementor-widget-text-editor:not(.elementor-drop-cap-view-default) .elementor-drop-cap-letter{width:1em;height:1em}.elementor-widget-text-editor .elementor-drop-cap{float:left;text-align:center;line-height:1;font-size:50px}.elementor-widget-text-editor .elementor-drop-cap-letter{display:inline-block}<\/style>\t\t\t\t<p>Szeretn\u00e9d magad elk\u00e9sz\u00edteni b\u00fatorodat? N\u00e1lam megteheted, profi felszerel\u00e9ssel, szakmai fel\u00fcgyelet mellett. Id\u0151pont egyeztet\u00e9s sz\u00fcks\u00e9ges. Alapfok\u00fa g\u00e9phaszn\u00e1lati \u00e9s teljesk\u00f6r\u0171 balesetv\u00e9delmi oktat\u00e1s sz\u00fcks\u00e9ges &#8211; hacsak nem vagy asztalos\u00a0magad is.<\/p><p>A m\u0171hely c\u00edme: 2120 Dunakeszi, F\u00f3ti \u00fat 98. 1.sz. m\u0171hely<\/p>\t\t\t\t\t\t<\/div>\n\t\t\t\t<\/div>\n\t\t\t\t\t<\/div>\n\t\t<\/div>\n\t\t\t\t<div class=\"elementor-column elementor-col-50 elementor-inner-column elementor-element elementor-element-3643e0f\" data-id=\"3643e0f\" data-element_type=\"column\">\n\t\t\t<div class=\"elementor-widget-wrap elementor-element-populated\">\n\t\t\t\t\t\t\t\t<div class=\"elementor-element elementor-element-ba02b5a elementor-widget elementor-widget-image\" data-id=\"ba02b5a\" data-element_type=\"widget\" data-widget_type=\"image.default\">\n\t\t\t\t<div class=\"elementor-widget-container\">\n\t\t\t<style>\/*! elementor - v3.6.7 - 03-07-2022 *\/\n.elementor-widget-image{text-align:center}.elementor-widget-image a{display:inline-block}.elementor-widget-image a img[src$=\".svg\"]{width:48px}.elementor-widget-image img{vertical-align:middle;display:inline-block}<\/style>\t\t\t\t\t\t\t\t\t\t\t\t<img loading=\"lazy\" decoding=\"async\" width=\"800\" height=\"534\" src=\"https:\/\/stefanobutor.hu\/wp-content\/uploads\/2022\/07\/SZL04202-1024x683.jpg\" class=\"attachment-large size-large\" alt=\"\" srcset=\"https:\/\/stefanobutor.hu\/wp-content\/uploads\/2022\/07\/SZL04202-1024x683.jpg 1024w, https:\/\/stefanobutor.hu\/wp-content\/uploads\/2022\/07\/SZL04202-300x200.jpg 300w, https:\/\/stefanobutor.hu\/wp-content\/uploads\/2022\/07\/SZL04202-768x512.jpg 768w, https:\/\/stefanobutor.hu\/wp-content\/uploads\/2022\/07\/SZL04202.jpg 1200w\" sizes=\"auto, (max-width: 800px) 100vw, 800px\" \/>\t\t\t\t\t\t\t\t\t\t\t\t\t\t\t<\/div>\n\t\t\t\t<\/div>\n\t\t\t\t\t<\/div>\n\t\t<\/div>\n\t\t\t\t\t\t\t<\/div>\n\t\t<\/section>\n\t\t\t\t<section class=\"elementor-section elementor-inner-section elementor-element elementor-element-267989d elementor-section-boxed elementor-section-height-default elementor-section-height-default\" data-id=\"267989d\" data-element_type=\"section\">\n\t\t\t\t\t\t<div class=\"elementor-container elementor-column-gap-default\">\n\t\t\t\t\t<div class=\"elementor-column elementor-col-50 elementor-inner-column elementor-element elementor-element-2ec34df\" data-id=\"2ec34df\" data-element_type=\"column\">\n\t\t\t<div class=\"elementor-widget-wrap elementor-element-populated\">\n\t\t\t\t\t\t\t\t<div class=\"elementor-element elementor-element-aa3e2bd elementor-widget elementor-widget-image\" data-id=\"aa3e2bd\" data-element_type=\"widget\" data-widget_type=\"image.default\">\n\t\t\t\t<div class=\"elementor-widget-container\">\n\t\t\t\t\t\t\t\t\t\t\t\t\t\t\t<img loading=\"lazy\" decoding=\"async\" width=\"770\" height=\"355\" src=\"https:\/\/stefanobutor.hu\/wp-content\/uploads\/2022\/07\/cropped-Stefanobutor_logo_1-02_noborder.png\" class=\"attachment-large size-large\" alt=\"\" srcset=\"https:\/\/stefanobutor.hu\/wp-content\/uploads\/2022\/07\/cropped-Stefanobutor_logo_1-02_noborder.png 770w, https:\/\/stefanobutor.hu\/wp-content\/uploads\/2022\/07\/cropped-Stefanobutor_logo_1-02_noborder-300x138.png 300w, https:\/\/stefanobutor.hu\/wp-content\/uploads\/2022\/07\/cropped-Stefanobutor_logo_1-02_noborder-768x354.png 768w\" sizes=\"auto, (max-width: 770px) 100vw, 770px\" \/>\t\t\t\t\t\t\t\t\t\t\t\t\t\t\t<\/div>\n\t\t\t\t<\/div>\n\t\t\t\t<div class=\"elementor-element elementor-element-dd3dbf0 elementor-widget elementor-widget-image\" data-id=\"dd3dbf0\" data-element_type=\"widget\" data-widget_type=\"image.default\">\n\t\t\t\t<div class=\"elementor-widget-container\">\n\t\t\t\t\t\t\t\t\t\t\t\t\t\t\t<img loading=\"lazy\" decoding=\"async\" width=\"683\" height=\"1024\" src=\"https:\/\/stefanobutor.hu\/wp-content\/uploads\/2022\/07\/SZL04216-683x1024.jpg\" class=\"attachment-large size-large\" alt=\"\" srcset=\"https:\/\/stefanobutor.hu\/wp-content\/uploads\/2022\/07\/SZL04216-683x1024.jpg 683w, https:\/\/stefanobutor.hu\/wp-content\/uploads\/2022\/07\/SZL04216-200x300.jpg 200w, https:\/\/stefanobutor.hu\/wp-content\/uploads\/2022\/07\/SZL04216-768x1152.jpg 768w, https:\/\/stefanobutor.hu\/wp-content\/uploads\/2022\/07\/SZL04216-1024x1536.jpg 1024w, https:\/\/stefanobutor.hu\/wp-content\/uploads\/2022\/07\/SZL04216.jpg 1200w\" sizes=\"auto, (max-width: 683px) 100vw, 683px\" \/>\t\t\t\t\t\t\t\t\t\t\t\t\t\t\t<\/div>\n\t\t\t\t<\/div>\n\t\t\t\t\t<\/div>\n\t\t<\/div>\n\t\t\t\t<div class=\"elementor-column elementor-col-50 elementor-inner-column elementor-element elementor-element-6c62f0c\" data-id=\"6c62f0c\" data-element_type=\"column\">\n\t\t\t<div class=\"elementor-widget-wrap elementor-element-populated\">\n\t\t\t\t\t\t\t\t<div class=\"elementor-element elementor-element-124168c elementor-widget elementor-widget-google_maps\" data-id=\"124168c\" data-element_type=\"widget\" data-widget_type=\"google_maps.default\">\n\t\t\t\t<div class=\"elementor-widget-container\">\n\t\t\t<style>\/*! elementor - v3.6.7 - 03-07-2022 *\/\n.elementor-widget-google_maps .elementor-widget-container{overflow:hidden}.elementor-widget-google_maps iframe{height:300px}<\/style>\t\t<div class=\"elementor-custom-embed\">\n\t\t\t<iframe frameborder=\"0\" scrolling=\"no\" marginheight=\"0\" marginwidth=\"0\"\n\t\t\t\t\tsrc=\"https:\/\/maps.google.com\/maps?q=2120%20Dunakeszi%2C%20F%C3%B3ti%20%C3%BAt%2098.&#038;t=m&#038;z=16&#038;output=embed&#038;iwloc=near\"\n\t\t\t\t\ttitle=\"2120 Dunakeszi, F\u00f3ti \u00fat 98.\"\n\t\t\t\t\taria-label=\"2120 Dunakeszi, F\u00f3ti \u00fat 98.\"\n\t\t\t><\/iframe>\n\t\t<\/div>\n\t\t\t\t<\/div>\n\t\t\t\t<\/div>\n\t\t\t\t<div class=\"elementor-element elementor-element-0801bbf elementor-widget elementor-widget-image\" data-id=\"0801bbf\" data-element_type=\"widget\" data-widget_type=\"image.default\">\n\t\t\t\t<div class=\"elementor-widget-container\">\n\t\t\t\t\t\t\t\t\t\t\t\t\t\t\t<img loading=\"lazy\" decoding=\"async\" width=\"800\" height=\"600\" src=\"https:\/\/stefanobutor.hu\/wp-content\/uploads\/2022\/07\/10areggelizoszet.jpg\" class=\"attachment-large size-large\" alt=\"\" srcset=\"https:\/\/stefanobutor.hu\/wp-content\/uploads\/2022\/07\/10areggelizoszet.jpg 1024w, https:\/\/stefanobutor.hu\/wp-content\/uploads\/2022\/07\/10areggelizoszet-300x225.jpg 300w, https:\/\/stefanobutor.hu\/wp-content\/uploads\/2022\/07\/10areggelizoszet-768x576.jpg 768w\" sizes=\"auto, (max-width: 800px) 100vw, 800px\" \/>\t\t\t\t\t\t\t\t\t\t\t\t\t\t\t<\/div>\n\t\t\t\t<\/div>\n\t\t\t\t\t<\/div>\n\t\t<\/div>\n\t\t\t\t\t\t\t<\/div>\n\t\t<\/section>\n\t\t\t\t\t<\/div>\n\t\t<\/div>\n\t\t\t\t\t\t\t<\/div>\n\t\t<\/section>\n\t\t\t\t<section class=\"elementor-section elementor-top-section elementor-element elementor-element-43e8da7c elementor-section-full_width elementor-section-height-default elementor-section-height-default\" data-id=\"43e8da7c\" data-element_type=\"section\">\n\t\t\t\t\t\t<div class=\"elementor-container elementor-column-gap-default\">\n\t\t\t\t\t<div class=\"elementor-column elementor-col-100 elementor-top-column elementor-element elementor-element-1fadbc5e\" data-id=\"1fadbc5e\" data-element_type=\"column\">\n\t\t\t<div class=\"elementor-widget-wrap\">\n\t\t\t\t\t\t\t\t\t<\/div>\n\t\t<\/div>\n\t\t\t\t\t\t\t<\/div>\n\t\t<\/section>\n\t\t\t\t\t\t\t<\/div>\n\t\t","protected":false},"excerpt":{"rendered":"<p>Szeretn\u00e9d magad elk\u00e9sz\u00edteni b\u00fatorodat? N\u00e1lam megteheted, profi felszerel\u00e9ssel, szakmai fel\u00fcgyelet mellett. Id\u0151pont egyeztet\u00e9s sz\u00fcks\u00e9ges. Alapfok\u00fa g\u00e9phaszn\u00e1lati \u00e9s teljesk\u00f6r\u0171 balesetv\u00e9delmi oktat\u00e1s sz\u00fcks\u00e9ges &#8211; hacsak nem vagy asztalos\u00a0magad is. A m\u0171hely c\u00edme: 2120 Dunakeszi, F\u00f3ti \u00fat 98. 1.sz. m\u0171hely<\/p>\n","protected":false},"author":1,"featured_media":0,"parent":0,"menu_order":0,"comment_status":"closed","ping_status":"closed","template":"elementor_header_footer","meta":{"footnotes":""},"class_list":["post-122","page","type-page","status-publish","hentry"],"_links":{"self":[{"href":"https:\/\/stefanobutor.hu\/index.php?rest_route=\/wp\/v2\/pages\/122","targetHints":{"allow":["GET"]}}],"collection":[{"href":"https:\/\/stefanobutor.hu\/index.php?rest_route=\/wp\/v2\/pages"}],"about":[{"href":"https:\/\/stefanobutor.hu\/index.php?rest_route=\/wp\/v2\/types\/page"}],"author":[{"embeddable":true,"href":"https:\/\/stefanobutor.hu\/index.php?rest_route=\/wp\/v2\/users\/1"}],"replies":[{"embeddable":true,"href":"https:\/\/stefanobutor.hu\/index.php?rest_route=%2Fwp%2Fv2%2Fcomments&post=122"}],"version-history":[{"count":76,"href":"https:\/\/stefanobutor.hu\/index.php?rest_route=\/wp\/v2\/pages\/122\/revisions"}],"predecessor-version":[{"id":974,"href":"https:\/\/stefanobutor.hu\/index.php?rest_route=\/wp\/v2\/pages\/122\/revisions\/974"}],"wp:attachment":[{"href":"https:\/\/stefanobutor.hu\/index.php?rest_route=%2Fwp%2Fv2%2Fmedia&parent=122"}],"curies":[{"name":"wp","href":"https:\/\/api.w.org\/{rel}","templated":true}]}}