{"id":1232,"date":"2023-05-21T07:43:20","date_gmt":"2023-05-21T07:43:20","guid":{"rendered":"https:\/\/stefanobutor.hu\/?page_id=1232"},"modified":"2024-02-21T15:14:26","modified_gmt":"2024-02-21T15:14:26","slug":"1232-2","status":"publish","type":"page","link":"https:\/\/stefanobutor.hu\/?page_id=1232","title":{"rendered":"\u00c1rak"},"content":{"rendered":"\t\t<div data-elementor-type=\"wp-page\" data-elementor-id=\"1232\" class=\"elementor elementor-1232\">\n\t\t\t\t\t\t\t\t\t<section class=\"elementor-section elementor-top-section elementor-element elementor-element-ecd7bbd elementor-section-height-min-height elementor-section-boxed elementor-section-height-default elementor-section-items-middle\" data-id=\"ecd7bbd\" data-element_type=\"section\">\n\t\t\t\t\t\t<div class=\"elementor-container elementor-column-gap-wider\">\n\t\t\t\t\t<div class=\"elementor-column elementor-col-100 elementor-top-column elementor-element elementor-element-f6b4293\" data-id=\"f6b4293\" data-element_type=\"column\">\n\t\t\t<div class=\"elementor-widget-wrap elementor-element-populated\">\n\t\t\t\t\t\t\t\t<div class=\"elementor-element elementor-element-7ab61c4 elementor-widget elementor-widget-heading\" data-id=\"7ab61c4\" data-element_type=\"widget\" data-widget_type=\"heading.default\">\n\t\t\t\t<div class=\"elementor-widget-container\">\n\t\t\t<style>\/*! elementor - v3.6.7 - 03-07-2022 *\/\n.elementor-heading-title{padding:0;margin:0;line-height:1}.elementor-widget-heading .elementor-heading-title[class*=elementor-size-]>a{color:inherit;font-size:inherit;line-height:inherit}.elementor-widget-heading .elementor-heading-title.elementor-size-small{font-size:15px}.elementor-widget-heading .elementor-heading-title.elementor-size-medium{font-size:19px}.elementor-widget-heading .elementor-heading-title.elementor-size-large{font-size:29px}.elementor-widget-heading .elementor-heading-title.elementor-size-xl{font-size:39px}.elementor-widget-heading .elementor-heading-title.elementor-size-xxl{font-size:59px}<\/style><h2 class=\"elementor-heading-title elementor-size-default\">\u00c1RAK<\/h2>\t\t<\/div>\n\t\t\t\t<\/div>\n\t\t\t\t<div class=\"elementor-element elementor-element-ed7e0be elementor-widget elementor-widget-text-editor\" data-id=\"ed7e0be\" data-element_type=\"widget\" data-widget_type=\"text-editor.default\">\n\t\t\t\t<div class=\"elementor-widget-container\">\n\t\t\t<style>\/*! elementor - v3.6.7 - 03-07-2022 *\/\n.elementor-widget-text-editor.elementor-drop-cap-view-stacked .elementor-drop-cap{background-color:#818a91;color:#fff}.elementor-widget-text-editor.elementor-drop-cap-view-framed .elementor-drop-cap{color:#818a91;border:3px solid;background-color:transparent}.elementor-widget-text-editor:not(.elementor-drop-cap-view-default) .elementor-drop-cap{margin-top:8px}.elementor-widget-text-editor:not(.elementor-drop-cap-view-default) .elementor-drop-cap-letter{width:1em;height:1em}.elementor-widget-text-editor .elementor-drop-cap{float:left;text-align:center;line-height:1;font-size:50px}.elementor-widget-text-editor .elementor-drop-cap-letter{display:inline-block}<\/style>\t\t\t\t<table width=\"497\"><tbody><tr><td width=\"194\">Munkad\u00edjak<\/td><td width=\"101\">Nett\u00f3<\/td><td width=\"101\">\u00c1FA<\/td><td width=\"101\">Brutt\u00f3<\/td><\/tr><tr><td>Tervez\u00e9si \u00f3rad\u00edj:<\/td><td>14 000 Ft<\/td><td>3 780 Ft<\/td><td>17 780 Ft<\/td><\/tr><tr><td>Asztalos munka m\u0171hely \u00f3rad\u00edj:<\/td><td>13 500 Ft<\/td><td>3 645 Ft<\/td><td>17 145 Ft<\/td><\/tr><tr><td>Asztalos munka helysz\u00edni \u00f3rad\u00edj:<\/td><td>14 000 Ft<\/td><td>3 780 Ft<\/td><td>17 780 Ft<\/td><\/tr><tr><td>Seg\u00e9dmunka m\u0171hely \u00f3rad\u00edj:<\/td><td>8 000 Ft<\/td><td>2 160 Ft<\/td><td>10 160 Ft<\/td><\/tr><tr><td>Seg\u00e9dmunka helysz\u00edni \u00f3rad\u00edj:<\/td><td>9 000 Ft<\/td><td>2 430 Ft<\/td><td>11 430 Ft<\/td><\/tr><tr><td>Nyitott m\u0171hely haszn\u00e1lati \u00f3rad\u00edj:<\/td><td>4 500 Ft<\/td><td>1 215 Ft<\/td><td>5 715 Ft<\/td><\/tr><tr><td>Kisz\u00e1ll\u00e1si d\u00edj Ft\/Km: (oda-vissza)<\/td><td>450 Ft\/Km<\/td><td>122 Ft\/Km<\/td><td>572 Ft\/Km<\/td><\/tr><\/tbody><\/table><p><strong>Faanyagok t\u00e1j\u00e9koztat\u00f3 \u00e1rai.<\/strong><\/p><table width=\"497\"><tbody><tr><td width=\"194\"><strong>Sz\u00e9lezetlen, sz\u00e1r\u00edtott f\u0171r\u00e9sz\u00e1ru<\/strong><\/td><td width=\"101\"><strong>Nett\u00f3<\/strong><\/td><td width=\"101\"><strong>\u00c1FA<\/strong><\/td><td width=\"101\"><strong>Brutt\u00f3<\/strong><\/td><\/tr><tr><td>Borovi feny\u0151<\/td><td>240 000 Ft\/m3<\/td><td>64 800 Ft<\/td><td>304 800 Ft\/m3<\/td><\/tr><tr><td>H\u00e1rs<\/td><td>312 000 Ft\/m3<\/td><td>84 240 Ft<\/td><td>396 240 Ft\/m3<\/td><\/tr><tr><td>B\u00fckk<\/td><td>444 000 Ft\/m3<\/td><td>19 880 Ft<\/td><td>563 880 Ft\/m3<\/td><\/tr><tr><td>V\u00f6r\u00f6sfeny\u0151<\/td><td>480 000 Ft\/m3<\/td><td>129 600 Ft<\/td><td>609 600 Ft\/m3<\/td><\/tr><tr><td>Ak\u00e1c<\/td><td>480 000 Ft\/m3<\/td><td>129 600 Ft<\/td><td>909 600 Ft\/m3<\/td><\/tr><tr><td>Cseresznye<\/td><td>504 000 Ft\/m3<\/td><td>136 080 Ft<\/td><td>640 080 Ft\/m3<\/td><\/tr><tr><td>K\u0151ris<\/td><td>624 000 Ft\/m3<\/td><td>168 480 Ft<\/td><td>792 480 Ft\/m3<\/td><\/tr><tr><td>T\u00f6lgy<\/td><td>900 000 Ft\/m3<\/td><td>243 000 Ft<\/td><td>1 143 000 Ft\/m3<\/td><\/tr><tr><td>Kerti\u00a0 di\u00f3<\/td><td>1 020 000 Ft\/m3<\/td><td>275 400 Ft<\/td><td>1 295 400 Ft\/m3<\/td><\/tr><tr><td>Fekete di\u00f3<\/td><td>1 440 000 Ft\/m3<\/td><td>388 800 Ft<\/td><td>1 828 800 Ft\/m3<\/td><\/tr><\/tbody><\/table><p>A faanyagok \u00e1ra sok mindent\u0151l f\u00fcgg: min\u0151s\u00e9gi oszt\u00e1ly, m\u00e9retek, g\u0151z\u00f6l\u00e9s, \u00e9s a pillanatnyi piaci helyzet. A feldolgoz\u00e1s sor\u00e1n, att\u00f3l f\u00fcgg\u0151en, hogy milyen term\u00e9ket k\u00e9sz\u00edt\u00fcnk, 50-70% vesztes\u00e9g is keletkezhet. Mik ezek?<\/p><ul><li>Sz\u00e9lez\u00e9s 15-30%<\/li><li>Gyalul\u00e1s 10-15%<\/li><li>Darabol\u00e1s, m\u00e9retre v\u00e1g\u00e1s 10-25%<\/li><li>Forma alak\u00edt\u00e1s 10-20%<\/li><\/ul>\t\t\t\t\t\t<\/div>\n\t\t\t\t<\/div>\n\t\t\t\t\t<\/div>\n\t\t<\/div>\n\t\t\t\t\t\t\t<\/div>\n\t\t<\/section>\n\t\t\t\t\t\t\t<\/div>\n\t\t","protected":false},"excerpt":{"rendered":"<p>\u00c1RAK Munkad\u00edjak Nett\u00f3 \u00c1FA Brutt\u00f3 Tervez\u00e9si \u00f3rad\u00edj: 14 000 Ft 3 780 Ft 17 780 Ft Asztalos munka m\u0171hely \u00f3rad\u00edj: 13 500 Ft 3 645 Ft 17 145 Ft Asztalos munka helysz\u00edni \u00f3rad\u00edj: 14 000 Ft 3 780 Ft 17 780 Ft Seg\u00e9dmunka m\u0171hely \u00f3rad\u00edj: 8 000 Ft 2 160 Ft 10 160 Ft Seg\u00e9dmunka [&hellip;]<\/p>\n","protected":false},"author":2,"featured_media":0,"parent":0,"menu_order":0,"comment_status":"closed","ping_status":"closed","template":"elementor_header_footer","meta":{"footnotes":""},"class_list":["post-1232","page","type-page","status-publish","hentry"],"_links":{"self":[{"href":"https:\/\/stefanobutor.hu\/index.php?rest_route=\/wp\/v2\/pages\/1232","targetHints":{"allow":["GET"]}}],"collection":[{"href":"https:\/\/stefanobutor.hu\/index.php?rest_route=\/wp\/v2\/pages"}],"about":[{"href":"https:\/\/stefanobutor.hu\/index.php?rest_route=\/wp\/v2\/types\/page"}],"author":[{"embeddable":true,"href":"https:\/\/stefanobutor.hu\/index.php?rest_route=\/wp\/v2\/users\/2"}],"replies":[{"embeddable":true,"href":"https:\/\/stefanobutor.hu\/index.php?rest_route=%2Fwp%2Fv2%2Fcomments&post=1232"}],"version-history":[{"count":30,"href":"https:\/\/stefanobutor.hu\/index.php?rest_route=\/wp\/v2\/pages\/1232\/revisions"}],"predecessor-version":[{"id":1516,"href":"https:\/\/stefanobutor.hu\/index.php?rest_route=\/wp\/v2\/pages\/1232\/revisions\/1516"}],"wp:attachment":[{"href":"https:\/\/stefanobutor.hu\/index.php?rest_route=%2Fwp%2Fv2%2Fmedia&parent=1232"}],"curies":[{"name":"wp","href":"https:\/\/api.w.org\/{rel}","templated":true}]}}