{"id":706,"date":"2022-07-10T10:52:32","date_gmt":"2022-07-10T10:52:32","guid":{"rendered":"https:\/\/stefanobutor.hu\/?page_id=706"},"modified":"2022-07-12T11:42:46","modified_gmt":"2022-07-12T11:42:46","slug":"szolgaltatasok","status":"publish","type":"page","link":"https:\/\/stefanobutor.hu\/?page_id=706","title":{"rendered":"Szolg\u00e1ltat\u00e1sok"},"content":{"rendered":"\t\t<div data-elementor-type=\"wp-page\" data-elementor-id=\"706\" class=\"elementor elementor-706\">\n\t\t\t\t\t\t\t\t\t<section class=\"elementor-section elementor-top-section elementor-element elementor-element-331ff80 elementor-section-boxed elementor-section-height-default elementor-section-height-default\" data-id=\"331ff80\" data-element_type=\"section\">\n\t\t\t\t\t\t<div class=\"elementor-container elementor-column-gap-default\">\n\t\t\t\t\t<div class=\"elementor-column elementor-col-100 elementor-top-column elementor-element elementor-element-402d4ab\" data-id=\"402d4ab\" data-element_type=\"column\">\n\t\t\t<div class=\"elementor-widget-wrap elementor-element-populated\">\n\t\t\t\t\t\t\t\t<section class=\"elementor-section elementor-inner-section elementor-element elementor-element-a57d922 elementor-section-boxed elementor-section-height-default elementor-section-height-default\" data-id=\"a57d922\" data-element_type=\"section\">\n\t\t\t\t\t\t<div class=\"elementor-container elementor-column-gap-default\">\n\t\t\t\t\t<div class=\"elementor-column elementor-col-100 elementor-inner-column elementor-element elementor-element-bf9ccb3\" data-id=\"bf9ccb3\" data-element_type=\"column\">\n\t\t\t<div class=\"elementor-widget-wrap elementor-element-populated\">\n\t\t\t\t\t\t\t\t<div class=\"elementor-element elementor-element-a93828f elementor-widget elementor-widget-text-editor\" data-id=\"a93828f\" data-element_type=\"widget\" data-widget_type=\"text-editor.default\">\n\t\t\t\t<div class=\"elementor-widget-container\">\n\t\t\t<style>\/*! elementor - v3.6.7 - 03-07-2022 *\/\n.elementor-widget-text-editor.elementor-drop-cap-view-stacked .elementor-drop-cap{background-color:#818a91;color:#fff}.elementor-widget-text-editor.elementor-drop-cap-view-framed .elementor-drop-cap{color:#818a91;border:3px solid;background-color:transparent}.elementor-widget-text-editor:not(.elementor-drop-cap-view-default) .elementor-drop-cap{margin-top:8px}.elementor-widget-text-editor:not(.elementor-drop-cap-view-default) .elementor-drop-cap-letter{width:1em;height:1em}.elementor-widget-text-editor .elementor-drop-cap{float:left;text-align:center;line-height:1;font-size:50px}.elementor-widget-text-editor .elementor-drop-cap-letter{display:inline-block}<\/style>\t\t\t\t<h1>SZOLG\u00c1LTAT\u00c1SOK<\/h1>\t\t\t\t\t\t<\/div>\n\t\t\t\t<\/div>\n\t\t\t\t\t<\/div>\n\t\t<\/div>\n\t\t\t\t\t\t\t<\/div>\n\t\t<\/section>\n\t\t\t\t<section class=\"elementor-section elementor-inner-section elementor-element elementor-element-1603449 elementor-section-boxed elementor-section-height-default elementor-section-height-default\" data-id=\"1603449\" data-element_type=\"section\">\n\t\t\t\t\t\t<div class=\"elementor-container elementor-column-gap-default\">\n\t\t\t\t\t<div class=\"elementor-column elementor-col-50 elementor-inner-column elementor-element elementor-element-4bf015c\" data-id=\"4bf015c\" data-element_type=\"column\">\n\t\t\t<div class=\"elementor-widget-wrap elementor-element-populated\">\n\t\t\t\t\t\t\t\t<div class=\"elementor-element elementor-element-ca752fb elementor-widget elementor-widget-text-editor\" data-id=\"ca752fb\" data-element_type=\"widget\" data-widget_type=\"text-editor.default\">\n\t\t\t\t<div class=\"elementor-widget-container\">\n\t\t\t\t\t\t\t<ul><li>B\u00fatorgy\u00e1rt\u00e1s t\u00f6m\u00f6r f\u00e1b\u00f3l<\/li><li>Egyedi berendez\u00e9s k\u00e9sz\u00edt\u00e9se<\/li><li>Apr\u00f3cikkek &#8211; kis s\u00e1mli, v\u00e1g\u00f3deszka, t\u00e1lal\u00f3 t\u00e1lca, fa mosd\u00f3kagyl\u00f3 &#8211; mi jut m\u00e9g eszedbe?<\/li><li>Epoxi gyanta kombin\u00e1ci\u00f3k<\/li><li>B\u00fatoron bel\u00fcli villanyszerel\u00e9si \u00e9s g\u00e9p\u00e9szeti munk\u00e1k<\/li><li>Tervez\u00e9s<\/li><\/ul>\t\t\t\t\t\t<\/div>\n\t\t\t\t<\/div>\n\t\t\t\t\t<\/div>\n\t\t<\/div>\n\t\t\t\t<div class=\"elementor-column elementor-col-50 elementor-inner-column elementor-element elementor-element-9e01578\" data-id=\"9e01578\" data-element_type=\"column\">\n\t\t\t<div class=\"elementor-widget-wrap elementor-element-populated\">\n\t\t\t\t\t\t\t\t<div class=\"elementor-element elementor-element-056882f elementor-widget elementor-widget-image\" data-id=\"056882f\" data-element_type=\"widget\" data-widget_type=\"image.default\">\n\t\t\t\t<div class=\"elementor-widget-container\">\n\t\t\t<style>\/*! elementor - v3.6.7 - 03-07-2022 *\/\n.elementor-widget-image{text-align:center}.elementor-widget-image a{display:inline-block}.elementor-widget-image a img[src$=\".svg\"]{width:48px}.elementor-widget-image img{vertical-align:middle;display:inline-block}<\/style>\t\t\t\t\t\t\t\t\t\t\t\t<img loading=\"lazy\" decoding=\"async\" width=\"800\" height=\"534\" src=\"https:\/\/stefanobutor.hu\/wp-content\/uploads\/2022\/07\/SZL04202-1024x683.jpg\" class=\"attachment-large size-large\" alt=\"\" srcset=\"https:\/\/stefanobutor.hu\/wp-content\/uploads\/2022\/07\/SZL04202-1024x683.jpg 1024w, https:\/\/stefanobutor.hu\/wp-content\/uploads\/2022\/07\/SZL04202-300x200.jpg 300w, https:\/\/stefanobutor.hu\/wp-content\/uploads\/2022\/07\/SZL04202-768x512.jpg 768w, https:\/\/stefanobutor.hu\/wp-content\/uploads\/2022\/07\/SZL04202.jpg 1200w\" sizes=\"auto, (max-width: 800px) 100vw, 800px\" \/>\t\t\t\t\t\t\t\t\t\t\t\t\t\t\t<\/div>\n\t\t\t\t<\/div>\n\t\t\t\t\t<\/div>\n\t\t<\/div>\n\t\t\t\t\t\t\t<\/div>\n\t\t<\/section>\n\t\t\t\t\t<\/div>\n\t\t<\/div>\n\t\t\t\t\t\t\t<\/div>\n\t\t<\/section>\n\t\t\t\t\t\t\t<\/div>\n\t\t","protected":false},"excerpt":{"rendered":"<p>SZOLG\u00c1LTAT\u00c1SOK B\u00fatorgy\u00e1rt\u00e1s t\u00f6m\u00f6r f\u00e1b\u00f3l Egyedi berendez\u00e9s k\u00e9sz\u00edt\u00e9se Apr\u00f3cikkek &#8211; kis s\u00e1mli, v\u00e1g\u00f3deszka, t\u00e1lal\u00f3 t\u00e1lca, fa mosd\u00f3kagyl\u00f3 &#8211; mi jut m\u00e9g eszedbe? Epoxi gyanta kombin\u00e1ci\u00f3k B\u00fatoron bel\u00fcli villanyszerel\u00e9si \u00e9s g\u00e9p\u00e9szeti munk\u00e1k Tervez\u00e9s<\/p>\n","protected":false},"author":1,"featured_media":0,"parent":0,"menu_order":0,"comment_status":"closed","ping_status":"closed","template":"elementor_header_footer","meta":{"footnotes":""},"class_list":["post-706","page","type-page","status-publish","hentry"],"_links":{"self":[{"href":"https:\/\/stefanobutor.hu\/index.php?rest_route=\/wp\/v2\/pages\/706","targetHints":{"allow":["GET"]}}],"collection":[{"href":"https:\/\/stefanobutor.hu\/index.php?rest_route=\/wp\/v2\/pages"}],"about":[{"href":"https:\/\/stefanobutor.hu\/index.php?rest_route=\/wp\/v2\/types\/page"}],"author":[{"embeddable":true,"href":"https:\/\/stefanobutor.hu\/index.php?rest_route=\/wp\/v2\/users\/1"}],"replies":[{"embeddable":true,"href":"https:\/\/stefanobutor.hu\/index.php?rest_route=%2Fwp%2Fv2%2Fcomments&post=706"}],"version-history":[{"count":60,"href":"https:\/\/stefanobutor.hu\/index.php?rest_route=\/wp\/v2\/pages\/706\/revisions"}],"predecessor-version":[{"id":1031,"href":"https:\/\/stefanobutor.hu\/index.php?rest_route=\/wp\/v2\/pages\/706\/revisions\/1031"}],"wp:attachment":[{"href":"https:\/\/stefanobutor.hu\/index.php?rest_route=%2Fwp%2Fv2%2Fmedia&parent=706"}],"curies":[{"name":"wp","href":"https:\/\/api.w.org\/{rel}","templated":true}]}}